{"id":455,"date":"2024-04-20T19:44:31","date_gmt":"2024-04-20T22:44:31","guid":{"rendered":"https:\/\/homilyai.com\/br\/?page_id=455"},"modified":"2024-07-12T16:05:36","modified_gmt":"2024-07-12T19:05:36","slug":"conselheiro-biblico-gratuito","status":"publish","type":"page","link":"https:\/\/homilyai.com\/br\/conselheiro-biblico-gratuito\/","title":{"rendered":"Conselheiro B\u00edblico Gratuito"},"content":{"rendered":"\n<div class=\"wp-block-media-text alignfull has-media-on-the-right is-stacked-on-mobile is-vertically-aligned-center has-ast-global-color-2-background-color has-text-color has-background has-link-color wp-elements-e1e152a26f37c43c7d84283e74d05de9\" style=\"color:#fffdc7;grid-template-columns:auto 39%\"><div class=\"wp-block-media-text__content\">\n<div class=\"wp-block-group has-link-color wp-elements-e091ff1ff607ba44b4e46d5319e53759 is-layout-flow wp-block-group-is-layout-flow\" style=\"padding-top:2em;padding-right:2em;padding-bottom:2em;padding-left:2em\">\n<h1 class=\"wp-block-heading has-ast-global-color-1-color has-text-color has-link-color wp-elements-2eb3f8ddf91c9f2005fc29afb492e411\" style=\"font-size:47px\">Conselheiro B\u00edblico<\/h1>\n\n\n\n<p class=\"has-ast-global-color-6-color has-text-color has-link-color wp-elements-d365e74134dad95c70951061fef5e5cb\" style=\"font-size:19px\">Este assistente est\u00e1 aqui para oferecer aconselhamento b\u00edblico e orienta\u00e7\u00e3o espiritual. Se voc\u00ea est\u00e1 enfrentando desafios na vida, precisa de dire\u00e7\u00e3o ou simplesmente busca sabedoria das Escrituras, nosso modelo de linguagem natural foi treinado para esse prop\u00f3sito.<\/p>\n\n\n\n<div class=\"wp-block-buttons alignfull is-content-justification-left is-layout-flex wp-container-core-buttons-is-layout-87a0077d wp-block-buttons-is-layout-flex\" style=\"margin-top:var(--wp--preset--spacing--50);margin-bottom:var(--wp--preset--spacing--50)\">\n<div class=\"wp-block-button has-custom-font-size is-style-outline has-medium-font-size is-style-outline--1\"><a class=\"wp-block-button__link has-ast-global-color-6-color has-ast-global-color-0-background-color has-text-color has-background has-link-color wp-element-button\" href=\"https:\/\/homilyai.com\/br\/membership-account\/br\/membership-checkout\/?level=9\" style=\"border-radius:100px;padding-top:var(--wp--preset--spacing--30);padding-right:var(--wp--preset--spacing--60);padding-bottom:var(--wp--preset--spacing--30);padding-left:var(--wp--preset--spacing--60)\"><strong>Quero me inscrever!<\/strong><\/a><\/div>\n<\/div>\n<\/div>\n<\/div><figure class=\"wp-block-media-text__media\"><a href=\"#assistentes\"><img loading=\"lazy\" decoding=\"async\" width=\"1024\" height=\"1024\" src=\"https:\/\/homilyai.com\/br\/wp-content\/uploads\/2024\/04\/HomilyAIBR-conselheiro-1024x1024.png\" alt=\"\" class=\"wp-image-456 size-full\" srcset=\"https:\/\/homilyai.com\/br\/wp-content\/uploads\/2024\/04\/HomilyAIBR-conselheiro-1024x1024.png 1024w, https:\/\/homilyai.com\/br\/wp-content\/uploads\/2024\/04\/HomilyAIBR-conselheiro-300x300.png 300w, https:\/\/homilyai.com\/br\/wp-content\/uploads\/2024\/04\/HomilyAIBR-conselheiro-150x150.png 150w, https:\/\/homilyai.com\/br\/wp-content\/uploads\/2024\/04\/HomilyAIBR-conselheiro-768x768.png 768w, https:\/\/homilyai.com\/br\/wp-content\/uploads\/2024\/04\/HomilyAIBR-conselheiro.png 1080w\" sizes=\"auto, (max-width: 1024px) 100vw, 1024px\" \/><\/a><\/figure><\/div>\n\n\n\n<div class=\"wp-block-cover alignfull\" style=\"padding-top:62px;padding-bottom:62px\" id=\"assistentes\"><span aria-hidden=\"true\" class=\"wp-block-cover__background has-ast-global-color-0-background-color has-background-dim-100 has-background-dim\"><\/span><div class=\"wp-block-cover__inner-container is-layout-constrained wp-container-core-cover-is-layout-f6f9dff9 wp-block-cover-is-layout-constrained\">\n<h1 class=\"wp-block-heading has-text-align-center has-ast-global-color-5-color has-text-color has-link-color wp-elements-ce9c9c11632e89c138e16d6005d71835\" id=\"how\" style=\"font-size:32px\">Participe dessa iniciativa!<\/h1>\n\n\n\n<div style=\"height:13px\" aria-hidden=\"true\" class=\"wp-block-spacer\"><\/div>\n\n\n\n<div class=\"wp-block-columns is-layout-flex wp-container-core-columns-is-layout-0bb628bf wp-block-columns-is-layout-flex\" style=\"padding-right:23px;padding-left:23px\">\n<div class=\"wp-block-column is-layout-flow wp-block-column-is-layout-flow\">\n<h3 class=\"wp-block-heading has-ast-global-color-5-color has-text-color has-link-color wp-elements-a4b29c086d530db9f9351ffbe7f402a3\">Aproveite<\/h3>\n\n\n\n<p class=\"has-ast-global-color-2-color has-text-color has-link-color wp-elements-42edb966c154718c67b2330a6a452ed5\">Crie sua conta e use gratuitamente nosso modelo de linguagem.<\/p>\n<\/div>\n\n\n\n<div class=\"wp-block-column is-layout-flow wp-block-column-is-layout-flow\">\n<h3 class=\"wp-block-heading has-white-color has-text-color has-link-color wp-elements-a6328adc8933e61eb5fa54d0fc8adfde\">Comp<strong><strong>artilhe<\/strong><\/strong><\/h3>\n\n\n\n<p class=\"has-ast-global-color-2-color has-text-color has-link-color wp-elements-c2fc2215a6b3556c11539f9a291d7d68\">Se ele for \u00fatil e edificante para sua jornada de f\u00e9, compartilhe com seus amigos.<\/p>\n<\/div>\n\n\n\n<div class=\"wp-block-column is-layout-flow wp-block-column-is-layout-flow\">\n<h3 class=\"wp-block-heading has-ast-global-color-5-color has-text-color has-link-color wp-elements-9e28aff80dc9ee1c297ad30bfbdbde5d\"><strong><strong>Apoie<\/strong><\/strong><\/h3>\n\n\n\n<p class=\"has-ast-global-color-2-color has-text-color has-link-color wp-elements-06a3f8a224158a39ce33c512747ea4b2\">Considere apoiar essa iniciativa para que mais pessoas sejam aben\u00e7oadas.<\/p>\n<\/div>\n<\/div>\n<\/div><\/div>\n\n\n\n<div style=\"height:141px\" aria-hidden=\"true\" class=\"wp-block-spacer\"><\/div>\n\n\n\n<h6 class=\"wp-block-heading has-text-align-center has-ast-global-color-5-color has-text-color has-link-color wp-elements-80fb91fac2aad8de9d8efe50a78b8c16\" style=\"font-size:18px\"><em>&#8220;Porque, quando prego o evangelho, n\u00e3o posso me vangloriar, pois sou compelido a pregar.<\/em> <em>Ai de mim se eu n\u00e3o pregar o evangelho!&#8221;<\/em><br>1 Cor\u00edntios 9.16<\/h6>\n\n\n\n<div style=\"height:101px\" aria-hidden=\"true\" class=\"wp-block-spacer\"><\/div>\n","protected":false},"excerpt":{"rendered":"<p>Join our Biblical Counselor initiative for spiritual guidance and wisdom from the Scriptures. Sign up for free, share with friends, and support us to bless more lives with the teachings of the Gospel.<\/p>\n","protected":false},"author":1,"featured_media":0,"parent":0,"menu_order":0,"comment_status":"closed","ping_status":"closed","template":"","meta":{"pmpro_default_level":"","_uag_custom_page_level_css":"","site-sidebar-layout":"default","site-content-layout":"","ast-site-content-layout":"default","site-content-style":"default","site-sidebar-style":"default","ast-global-header-display":"","ast-banner-title-visibility":"","ast-main-header-display":"","ast-hfb-above-header-display":"","ast-hfb-below-header-display":"","ast-hfb-mobile-header-display":"","site-post-title":"disabled","ast-breadcrumbs-content":"","ast-featured-img":"","footer-sml-layout":"","ast-disable-related-posts":"","theme-transparent-header-meta":"","adv-header-id-meta":"","stick-header-meta":"","header-above-stick-meta":"","header-main-stick-meta":"","header-below-stick-meta":"","astra-migrate-meta-layouts":"default","ast-page-background-enabled":"default","ast-page-background-meta":{"desktop":{"background-color":"var(--ast-global-color-4)","background-image":"","background-repeat":"repeat","background-position":"center center","background-size":"auto","background-attachment":"scroll","background-type":"","background-media":"","overlay-type":"","overlay-color":"","overlay-opacity":"","overlay-gradient":""},"tablet":{"background-color":"","background-image":"","background-repeat":"repeat","background-position":"center center","background-size":"auto","background-attachment":"scroll","background-type":"","background-media":"","overlay-type":"","overlay-color":"","overlay-opacity":"","overlay-gradient":""},"mobile":{"background-color":"","background-image":"","background-repeat":"repeat","background-position":"center center","background-size":"auto","background-attachment":"scroll","background-type":"","background-media":"","overlay-type":"","overlay-color":"","overlay-opacity":"","overlay-gradient":""}},"ast-content-background-meta":{"desktop":{"background-color":"var(--ast-global-color-5)","background-image":"","background-repeat":"repeat","background-position":"center center","background-size":"auto","background-attachment":"scroll","background-type":"","background-media":"","overlay-type":"","overlay-color":"","overlay-opacity":"","overlay-gradient":""},"tablet":{"background-color":"var(--ast-global-color-5)","background-image":"","background-repeat":"repeat","background-position":"center center","background-size":"auto","background-attachment":"scroll","background-type":"","background-media":"","overlay-type":"","overlay-color":"","overlay-opacity":"","overlay-gradient":""},"mobile":{"background-color":"var(--ast-global-color-5)","background-image":"","background-repeat":"repeat","background-position":"center center","background-size":"auto","background-attachment":"scroll","background-type":"","background-media":"","overlay-type":"","overlay-color":"","overlay-opacity":"","overlay-gradient":""}},"footnotes":""},"class_list":["post-455","page","type-page","status-publish","hentry","pmpro-has-access"],"uagb_featured_image_src":{"full":false,"thumbnail":false,"medium":false,"medium_large":false,"large":false,"1536x1536":false,"2048x2048":false},"uagb_author_info":{"display_name":"lucaspedro","author_link":"https:\/\/homilyai.com\/br\/author\/lucaspedro\/"},"uagb_comment_info":0,"uagb_excerpt":"Join our Biblical Counselor initiative for spiritual guidance and wisdom from the Scriptures. Sign up for free, share with friends, and support us to bless more lives with the teachings of the Gospel.","_links":{"self":[{"href":"https:\/\/homilyai.com\/br\/wp-json\/wp\/v2\/pages\/455","targetHints":{"allow":["GET"]}}],"collection":[{"href":"https:\/\/homilyai.com\/br\/wp-json\/wp\/v2\/pages"}],"about":[{"href":"https:\/\/homilyai.com\/br\/wp-json\/wp\/v2\/types\/page"}],"author":[{"embeddable":true,"href":"https:\/\/homilyai.com\/br\/wp-json\/wp\/v2\/users\/1"}],"replies":[{"embeddable":true,"href":"https:\/\/homilyai.com\/br\/wp-json\/wp\/v2\/comments?post=455"}],"version-history":[{"count":10,"href":"https:\/\/homilyai.com\/br\/wp-json\/wp\/v2\/pages\/455\/revisions"}],"predecessor-version":[{"id":536,"href":"https:\/\/homilyai.com\/br\/wp-json\/wp\/v2\/pages\/455\/revisions\/536"}],"wp:attachment":[{"href":"https:\/\/homilyai.com\/br\/wp-json\/wp\/v2\/media?parent=455"}],"curies":[{"name":"wp","href":"https:\/\/api.w.org\/{rel}","templated":true}]}}